{"id":2864,"date":"2020-11-26T14:44:54","date_gmt":"2020-11-26T13:44:54","guid":{"rendered":"https:\/\/www.frise.de\/newsletter\/"},"modified":"2022-05-23T20:27:34","modified_gmt":"2022-05-23T18:27:34","slug":"newsletter","status":"publish","type":"page","link":"https:\/\/www.frise.de\/en\/newsletter\/","title":{"rendered":"Newsletter"},"content":{"rendered":"<div class=\"container container--small\">\n<h2 class=\"wp-block-heading\">Newsletter<\/h2>\n<\/div>\n\n<div class=\"container container--small\">\n\t\t\t<form id=\"sib_signup_form_1\" method=\"post\" class=\"sib_signup_form\">\n\t\t\t\t<div class=\"sib_loader\" style=\"display:none;\"><img\n\t\t\t\t\t\t\tsrc=\"https:\/\/www.frise.de\/wp-includes\/images\/spinner.gif\" alt=\"loader\"><\/div>\n\t\t\t\t<input type=\"hidden\" name=\"sib_form_action\" value=\"subscribe_form_submit\">\n\t\t\t\t<input type=\"hidden\" name=\"sib_form_id\" value=\"1\">\n                <input type=\"hidden\" name=\"sib_form_alert_notice\" value=\"Dies ist ein Pflichtfeld.\">\n                <input type=\"hidden\" name=\"sib_form_invalid_email_notice\" value=\"Die Email-Adresse ist ung\u00fcltig.\">\n                <input type=\"hidden\" name=\"sib_security\" value=\"4f5f6b749d\">\n\t\t\t\t<div class=\"sib_signup_box_inside_1\">\n\t\t\t\t\t<div style=\"\/*display:none*\/\" class=\"sib_msg_disp\">\n\t\t\t\t\t<\/div>\n                    \t\t\t\t\t<p><b>Ich m\u00f6chte den FRISE-Newsletter bestellen<\/b><\/p>\r\n<p class=\"sib-NAME-area\">\r\n    <input type=\"text\" class=\"sib-NAME-area\" name=\"NAME\" placeholder=\"Vorname, Name\" required=\"required\">\r\n<\/p>\r\n<p class=\"sib-email-area\">\r\n    <input type=\"email\" class=\"sib-email-area\" name=\"email\" required=\"required\" placeholder=\"E-Mail\">\r\n<\/p>\r\n<p><b>Datenschutz<\/b><br>\r\n<input type=\"checkbox\" name=\"terms\" required=\"required\">Mit der Anmeldung f\u00fcr den FRISE Newsletter erkl\u00e4ren Sie sich mit der Verarbeitung Ihrer E-Mail-Adresse zum Zweck des Newsletter-Versands einverstanden. Sie k\u00f6nnen diese Einwilligung jederzeit mit Wirkung f\u00fcr die Zukunft widerrufen; daf\u00fcr enth\u00e4lt jeder Newsletter einen K\u00fcndigungs-Link.<\/p>\r\n<p>\r\n    <input type=\"submit\" class=\"sib-default-btn\" value=\"Newsletter bestellen\">\r\n<\/p>\t\t\t\t<\/div>\n\t\t\t<\/form>\n\t\t\t<style>\n\t\t\t\tform#sib_signup_form_1 p.sib-alert-message {\n    padding: 6px 12px;\n    margin-bottom: 20px;\n    border: 1px solid transparent;\n    border-radius: 4px;\n    -webkit-box-sizing: border-box;\n    -moz-box-sizing: border-box;\n    box-sizing: border-box;\n}\nform#sib_signup_form_1 p.sib-alert-message-error {\n    background-color: #f2dede;\n    border-color: #ebccd1;\n    color: #a94442;\n}\nform#sib_signup_form_1 p.sib-alert-message-success {\n    background-color: #dff0d8;\n    border-color: #d6e9c6;\n    color: #3c763d;\n}\nform#sib_signup_form_1 p.sib-alert-message-warning {\n    background-color: #fcf8e3;\n    border-color: #faebcc;\n    color: #8a6d3b;\n}\n\t\t\t<\/style>\n\t\t\t\n<\/div>","protected":false},"excerpt":{"rendered":"<p>Newsletter<\/p>\n","protected":false},"author":3,"featured_media":0,"parent":0,"menu_order":0,"comment_status":"closed","ping_status":"closed","template":"page-no-headline.php","meta":[],"acf":[],"aioseo_notices":[],"_links":{"self":[{"href":"https:\/\/www.frise.de\/en\/wp-json\/wp\/v2\/pages\/2864"}],"collection":[{"href":"https:\/\/www.frise.de\/en\/wp-json\/wp\/v2\/pages"}],"about":[{"href":"https:\/\/www.frise.de\/en\/wp-json\/wp\/v2\/types\/page"}],"author":[{"embeddable":true,"href":"https:\/\/www.frise.de\/en\/wp-json\/wp\/v2\/users\/3"}],"replies":[{"embeddable":true,"href":"https:\/\/www.frise.de\/en\/wp-json\/wp\/v2\/comments?post=2864"}],"version-history":[{"count":1,"href":"https:\/\/www.frise.de\/en\/wp-json\/wp\/v2\/pages\/2864\/revisions"}],"predecessor-version":[{"id":4776,"href":"https:\/\/www.frise.de\/en\/wp-json\/wp\/v2\/pages\/2864\/revisions\/4776"}],"wp:attachment":[{"href":"https:\/\/www.frise.de\/en\/wp-json\/wp\/v2\/media?parent=2864"}],"curies":[{"name":"wp","href":"https:\/\/api.w.org\/{rel}","templated":true}]}}