{"id":602,"date":"2020-10-16T18:37:02","date_gmt":"2020-10-16T16:37:02","guid":{"rendered":"https:\/\/www.frise.de\/?page_id=602"},"modified":"2020-11-16T20:57:59","modified_gmt":"2020-11-16T19:57:59","slug":"links","status":"publish","type":"page","link":"https:\/\/www.frise.de\/en\/links\/","title":{"rendered":"Links"},"content":{"rendered":"<div class=\"container container--small\">\n<h2 class=\"wp-block-heading\">Links<\/h2>\n<\/div>\n\n<div class=\"container container--small\">\n<p><\/p>\n<\/div>\n\n<div class=\"container container--small\">\n<p><strong>DIE VIELEN e.V.<\/strong> ist ein eingetragener, gemeinn\u00fctziger Verein. Der Verein wurde im Juni 2017 gegr\u00fcndet. Ziel und gemeinn\u00fctziger Zweck ist die Bef\u00f6rderung internationaler Gesinnung, der Toleranz auf allen Gebieten der Kultur und des *V\u00f6lkerverst\u00e4ndigungsgedankens sowie der F\u00f6rderung der *Volksbildung. (*Begriffe im Sinne des Gemeinn\u00fctzigkeitsrechts)<br><strong><a href=\"https:\/\/www.dievielen.de\/\" target=\"_blank\" rel=\"noreferrer noopener\">http:\/\/dievielen.de<\/a><\/strong><\/p>\n<\/div>\n\n<div class=\"container container--small\">\n<p><br><br><strong>ART OFF Hamburg<\/strong> setzt sich f\u00fcr die freien Kunstinitiativen Hamburgs ein, weist auf ihre Vorbildfunktion in einer nachhaltigen Stadtentwicklung hin und fordert eine angemessene Wertsch\u00e4tzung ihrer Arbeit.<br><a rel=\"noreferrer noopener\" href=\"http:\/\/art-off-hamburg.de\/\" target=\"_blank\">http:\/\/<strong>art-off-hamburg.de<\/strong><\/a><\/p>\n<\/div>","protected":false},"excerpt":{"rendered":"<p>Links DIE VIELEN e.V. ist ein eingetragener, gemeinn\u00fctziger Verein. Der Verein wurde im Juni 2017 gegr\u00fcndet. Ziel und gemeinn\u00fctziger Zweck ist die Bef\u00f6rderung internationaler Gesinnung, der Toleranz auf allen Gebieten der Kultur und des *V\u00f6lkerverst\u00e4ndigungsgedankens sowie der F\u00f6rderung der *Volksbildung. (*Begriffe im Sinne des Gemeinn\u00fctzigkeitsrechts)http:\/\/dievielen.de ART OFF Hamburg setzt sich f\u00fcr die freien Kunstinitiativen Hamburgs [&hellip;]<\/p>\n","protected":false},"author":3,"featured_media":0,"parent":0,"menu_order":0,"comment_status":"closed","ping_status":"closed","template":"page-no-headline.php","meta":[],"acf":[],"aioseo_notices":[],"_links":{"self":[{"href":"https:\/\/www.frise.de\/en\/wp-json\/wp\/v2\/pages\/602"}],"collection":[{"href":"https:\/\/www.frise.de\/en\/wp-json\/wp\/v2\/pages"}],"about":[{"href":"https:\/\/www.frise.de\/en\/wp-json\/wp\/v2\/types\/page"}],"author":[{"embeddable":true,"href":"https:\/\/www.frise.de\/en\/wp-json\/wp\/v2\/users\/3"}],"replies":[{"embeddable":true,"href":"https:\/\/www.frise.de\/en\/wp-json\/wp\/v2\/comments?post=602"}],"version-history":[{"count":2,"href":"https:\/\/www.frise.de\/en\/wp-json\/wp\/v2\/pages\/602\/revisions"}],"predecessor-version":[{"id":1968,"href":"https:\/\/www.frise.de\/en\/wp-json\/wp\/v2\/pages\/602\/revisions\/1968"}],"wp:attachment":[{"href":"https:\/\/www.frise.de\/en\/wp-json\/wp\/v2\/media?parent=602"}],"curies":[{"name":"wp","href":"https:\/\/api.w.org\/{rel}","templated":true}]}}