{"id":630,"date":"2020-07-09T06:58:50","date_gmt":"2020-07-09T04:58:50","guid":{"rendered":"https:\/\/www.frise.de\/?page_id=630"},"modified":"2020-11-30T12:07:41","modified_gmt":"2020-11-30T11:07:41","slug":"air","status":"publish","type":"page","link":"https:\/\/www.frise.de\/en\/about\/air\/","title":{"rendered":"Artist in Residence"},"content":{"rendered":"<div class=\"container container--small\">\n<p>The FRISE Artist in Residence (AiR) was founded in 2013. Guests from Germany and abroad can stay in the FRISE AiR guest studio and work on their own projects for a certain period of time. This pilot project, which was started in cooperation with the Hamburg Ministry of Culture and Media, offers the opportunity for national and international artists to realize projects and present them in the FRISE exhibition space. FRISE supports guests during the conception and implementation of their projects on site. Since the establishment of the Artist in Residence, over 150 artists have already resided at FRISE AiR.<\/p>\n<\/div>\n\n<div class=\"container container--small\">\n<p><\/p>\n<\/div>\n\n<div class=\"container container--small\">\n<p><\/p>\n<\/div>\n\n\n\n<div class=\"container container--small margin-bottom--big \">\n\n\t<div class=\"slick\">\n\n\t\t\t\t\t\n\n\t\t\t<div class=\"\">\n\t\t\t\t<img decoding=\"async\" src=\"https:\/\/www.frise.de\/wp-content\/uploads\/2020\/08\/1-air-720x540.jpg\"\n\t\t\t\t\tsrcset=\"https:\/\/www.frise.de\/wp-content\/uploads\/2020\/08\/1-air-1440x1080.jpg 1440w,\n\t\t\t\t\t\t\thttps:\/\/www.frise.de\/wp-content\/uploads\/2020\/08\/1-air-720x540.jpg 720w\" \n\t\t\t\t\tsizes=\"(min-width:800px) 720px, 100vw\" alt=\"\" \/>\n\t\t\t\t\n\t\t\t\t\t\t\t<\/div>\n\n\t\t\t\t\t\n\n\t\t\t<div class=\"hidden\">\n\t\t\t\t<img decoding=\"async\" src=\"https:\/\/www.frise.de\/wp-content\/uploads\/2020\/08\/2-air-720x480.jpg\"\n\t\t\t\t\tsrcset=\"https:\/\/www.frise.de\/wp-content\/uploads\/2020\/08\/2-air-1440x960.jpg 1440w,\n\t\t\t\t\t\t\thttps:\/\/www.frise.de\/wp-content\/uploads\/2020\/08\/2-air-720x480.jpg 720w\" \n\t\t\t\t\tsizes=\"(min-width:800px) 720px, 100vw\" alt=\"\" \/>\n\t\t\t\t\n\t\t\t\t\t\t\t<\/div>\n\n\t\t\t\t\t\n\n\t\t\t<div class=\"hidden\">\n\t\t\t\t<img decoding=\"async\" src=\"https:\/\/www.frise.de\/wp-content\/uploads\/2020\/08\/3-air-720x480.jpg\"\n\t\t\t\t\tsrcset=\"https:\/\/www.frise.de\/wp-content\/uploads\/2020\/08\/3-air-1440x960.jpg 1440w,\n\t\t\t\t\t\t\thttps:\/\/www.frise.de\/wp-content\/uploads\/2020\/08\/3-air-720x480.jpg 720w\" \n\t\t\t\t\tsizes=\"(min-width:800px) 720px, 100vw\" alt=\"\" \/>\n\t\t\t\t\n\t\t\t\t\t\t\t<\/div>\n\n\t\t\t\t\t\n\n\t\t\t<div class=\"hidden\">\n\t\t\t\t<img decoding=\"async\" src=\"https:\/\/www.frise.de\/wp-content\/uploads\/2020\/08\/4-air-720x473.jpg\"\n\t\t\t\t\tsrcset=\"https:\/\/www.frise.de\/wp-content\/uploads\/2020\/08\/4-air.jpg 1440w,\n\t\t\t\t\t\t\thttps:\/\/www.frise.de\/wp-content\/uploads\/2020\/08\/4-air-720x473.jpg 720w\" \n\t\t\t\t\tsizes=\"(min-width:800px) 720px, 100vw\" alt=\"\" \/>\n\t\t\t\t\n\t\t\t\t\t\t\t<\/div>\n\n\t\t\t\t\t\n\n\t\t\t<div class=\"hidden\">\n\t\t\t\t<img decoding=\"async\" src=\"https:\/\/www.frise.de\/wp-content\/uploads\/2020\/08\/5-air-720x480.jpg\"\n\t\t\t\t\tsrcset=\"https:\/\/www.frise.de\/wp-content\/uploads\/2020\/08\/5-air-1440x960.jpg 1440w,\n\t\t\t\t\t\t\thttps:\/\/www.frise.de\/wp-content\/uploads\/2020\/08\/5-air-720x480.jpg 720w\" \n\t\t\t\t\tsizes=\"(min-width:800px) 720px, 100vw\" alt=\"\" \/>\n\t\t\t\t\n\t\t\t\t\t\t\t<\/div>\n\n\t\t\t\t\t\n\n\t\t\t<div class=\"hidden\">\n\t\t\t\t<img decoding=\"async\" src=\"https:\/\/www.frise.de\/wp-content\/uploads\/2020\/08\/6-air-720x480.jpg\"\n\t\t\t\t\tsrcset=\"https:\/\/www.frise.de\/wp-content\/uploads\/2020\/08\/6-air-1440x960.jpg 1440w,\n\t\t\t\t\t\t\thttps:\/\/www.frise.de\/wp-content\/uploads\/2020\/08\/6-air-720x480.jpg 720w\" \n\t\t\t\t\tsizes=\"(min-width:800px) 720px, 100vw\" alt=\"\" \/>\n\t\t\t\t\n\t\t\t\t\t\t\t<\/div>\n\n\t\t\n\t<\/div>\n\n<\/div>\n\n\n\n\n\n\n\n<div class=\"container container--small\">\n<p><\/p>\n<\/div>\n\n<div class=\"container container--small\">\n<h2 class=\"wp-block-heading\">GUESTS<\/h2>\n<\/div>\n\n<div class=\"container container--small\">\n<figure class=\"wp-block-table is-style-regular table-width-50\"><table><tbody><tr><td><strong>Austria<\/strong><br>Ursula Hansbauer<br>Herbert Hofer<br>Barbara H\u00f6ller<br>Wolfgang Konrad<br>Holger Lang<br>Karin Maria Pfeifer<br>Karin Pliem<br>Martina Tritthart<br>Sula Zimmerberger<br><br><strong>Australia<\/strong><br>Michael Buckley<br>Richard Frenken<br>Sue McCauley<br><br><strong>Brasilia<\/strong><br>Ieda Oliveira<br><br><strong>Canada<\/strong><br>Catherine Bolduc<br><br><strong>China<\/strong><br>Li HuiHui<br>Zhang Jian<br>Katja Lell<br>Zhenchen Liu<br>Qiu Shuman<br><br><strong>England<\/strong><br>Marcia Farquhar<br>Denise Hawrysio<br>John Reardon<br>Tom Rice<br>John Wynne<br><br><strong>Finland<\/strong><br>Laura Beloff<br>Erich Berger<br>MUU Helsinki<br><br><strong>France<\/strong><br>Mathieu Abonnenc<br>Virginie Barr\u00e9<br>Roxane Borujerdi<br>Anne Laure Boyer<br>Leila Brett<br>Nicolas Chardon<br>Fr\u00e9d\u00e9ric Clav\u00e8re<br>Claire Danzer<br>Julien Grenier<br>\u00c9milie Lasmartres<br>Stephan Lemercier<br>Franck Lesbros<br>Marion Mahu<br>Pierre Malphettes<br>Jean-Pierre Ostende<br>Bruno Peinado<br>Clara Perreaut<br>Bernard Plasse<br>Vincent Raven<br>Sylvie R\u00e9no<br>Cl\u00e9mence Roudil<br>Sophie Urbani<br>Arnaud Vasseux<br><br><strong>Hungary<\/strong><br>\u00c1gnes Eperjesi<br>Lilla Kho\u00f3r<br>Tibor V\u00e1rnagi<br><br><strong>India<\/strong><br>Iram Ghufran<br>Neha Thakar<br><br><strong>Iran<\/strong><br>Sara Shabanazad<br><br><strong>Island<\/strong><br>Anna Gu\u00f0j\u00f3nsd\u00f3ttir<br>S. D. J\u00f3hannsd\u00f3ttir<br><br><strong>Israel<\/strong><br>Ayelet Ben Dor<br>Yael Efrati<br>Elad Larom<br>Haran Mendel<br>Ella Spector<br><br><strong>Italy<\/strong><br>Emilia Badal\u00e0<br>Rocco Carlisi<br>Valentina Roselli<br>Caterina Rossato<br>Giulia Scalia<br>Martha Tagliavia<br>Francesco Urbano<br>Serena Vestrucci<\/td><td><strong>Japan<\/strong><br>Kazuki Akiyoshi<br>Hiroyuki Araki<br>Jun AzumateiTatsunori Fujii<br>Tatsuya Fujii<br>Hachiro Iisuka<br>Tomoko Inagaki<br>Aki Inomata<br>Keiko Koana<br>Toshiya Kobayashi<br>Junya Koike<br>Atsushi Koyama<br>Tsuneo Maruyama<br>Kenzo Onoda<br>Tatsumi Orimoto<br>Kaori Sato<br>Hiroka Shimizu<br>Syuta<br>Seira Uchida<br>Rikuo Ueda<br>Yukinori Yamamura<br>Sachigusa Yasuda<br><br><strong>Jordan<\/strong><br>Reham Sharbaji<br><br><strong>Korea (South)<\/strong><br>Jeongmoon Choi<br>Sungeun C. Choi<br>Kim Hae Jin<br>So-hyun Jung<br>Hyun Yeop Kim<br>Jiwoo Lee<br>Hyunjeong Lim<br><br><strong>Litunia<\/strong><br>V. Michelkevicius<br><br><strong>Netherlands<\/strong><br>Leja Breedveld<br>Koos Buist<br>William Engelen<br>Esther de Graaf<br>Jaime Ibanez<br>Henrik Kr\u00f6ner<br>Ivo v. den Leeuwen<br>Kris Molema<br>Klaske Oenema<br>Paul van Rijswijk<br>Jorrit Sinke<br>Gijs Woldhek<br><br><strong>Norway<\/strong><br>Edgar Ballo<br>Peder K. Bugge<br>Dania Burger<br>Axel Ekwall<br>Erik Annar Evensen<br>Eva G\u00f8tum<br>\u00c5se Liv Hauan<br><br><strong>Palestine<\/strong><br>Nabila Irshaid<br><br><strong>Romania<\/strong><br>C. Dobre-Hametner<br>Iosif Kir\u00e1ly<br>Vlad Nanc\u0103<br><br><strong>Russia<\/strong><br>Elizaveta Konovalova<br><br><strong>Spain<\/strong><br>Iraida Cano<br>Fernando D\u00edaz<br>Paola Mu\u00f1oz<br>D. Carolina S\u00e1nchez<br><br><strong>Turkey<\/strong><br>Ilsu Aslan<br>Nancy Atakan<br>Emel G. Becerikli<br>G\u00fcl Ilgaz<br>Ezgi Dilan Karata\u015f<br>P\u0131nar \u00d6\u011frenci<br>\u0130z \u00d6ztat<br>Filiz Piyale<br>Belit Sa\u011f<br><br><strong>USA<\/strong><br>Gwyneth Anderson<br>Nina L. Bachhuber<br>Rebecca Beachy<br>Peter Cramer<br>Will Corwin<br>Tom Denlinger<br>Ike Hobbs<br>Mandy Morrison<br>Tim Nickodemus<br>Andrea Parkins<br>Bradley Rubenstein<br>Tim Schwarz<br>Jack Waters<\/td><\/tr><\/tbody><\/table><\/figure>\n<\/div>\n\n<div class=\"container container--small\">\n<div style=\"height:27px\" aria-hidden=\"true\" class=\"wp-block-spacer\"><\/div>\n<\/div>\n\n<div class=\"container container--small\">\n<p><\/p>\n<\/div>\n\n<div class=\"container container--small\">\n<p><\/p>\n<\/div>","protected":false},"excerpt":{"rendered":"<p>The FRISE Artist in Residence (AiR) was founded in 2013. Guests from Germany and abroad can stay in the FRISE AiR guest studio and work on their own projects for a certain period of time. This pilot project, which was started in cooperation with the Hamburg Ministry of Culture and Media, offers the opportunity for [&hellip;]<\/p>\n","protected":false},"author":3,"featured_media":0,"parent":621,"menu_order":0,"comment_status":"closed","ping_status":"closed","template":"page-lower.php","meta":[],"acf":[],"aioseo_notices":[],"_links":{"self":[{"href":"https:\/\/www.frise.de\/en\/wp-json\/wp\/v2\/pages\/630"}],"collection":[{"href":"https:\/\/www.frise.de\/en\/wp-json\/wp\/v2\/pages"}],"about":[{"href":"https:\/\/www.frise.de\/en\/wp-json\/wp\/v2\/types\/page"}],"author":[{"embeddable":true,"href":"https:\/\/www.frise.de\/en\/wp-json\/wp\/v2\/users\/3"}],"replies":[{"embeddable":true,"href":"https:\/\/www.frise.de\/en\/wp-json\/wp\/v2\/comments?post=630"}],"version-history":[{"count":23,"href":"https:\/\/www.frise.de\/en\/wp-json\/wp\/v2\/pages\/630\/revisions"}],"predecessor-version":[{"id":2892,"href":"https:\/\/www.frise.de\/en\/wp-json\/wp\/v2\/pages\/630\/revisions\/2892"}],"up":[{"embeddable":true,"href":"https:\/\/www.frise.de\/en\/wp-json\/wp\/v2\/pages\/621"}],"wp:attachment":[{"href":"https:\/\/www.frise.de\/en\/wp-json\/wp\/v2\/media?parent=630"}],"curies":[{"name":"wp","href":"https:\/\/api.w.org\/{rel}","templated":true}]}}